{"id":109,"date":"2021-10-30T10:13:14","date_gmt":"2021-10-30T10:13:14","guid":{"rendered":""},"modified":"2026-01-06T08:40:04","modified_gmt":"2026-01-06T13:40:04","slug":"our-services","status":"publish","type":"page","link":"https:\/\/timestco.com\/?page_id=109","title":{"rendered":"Nuestros servicios"},"content":{"rendered":"<style>.wp-block-kadence-advancedheading.kt-adv-heading109_d36f04-7d, .wp-block-kadence-advancedheading.kt-adv-heading109_d36f04-7d[data-kb-block=\"kb-adv-heading109_d36f04-7d\"]{text-align:center;font-style:normal;}.wp-block-kadence-advancedheading.kt-adv-heading109_d36f04-7d mark.kt-highlight, .wp-block-kadence-advancedheading.kt-adv-heading109_d36f04-7d[data-kb-block=\"kb-adv-heading109_d36f04-7d\"] mark.kt-highlight{font-style:normal;color:#f76a0c;-webkit-box-decoration-break:clone;box-decoration-break:clone;padding-top:0px;padding-right:0px;padding-bottom:0px;padding-left:0px;}<\/style>\n<h1 class=\"kt-adv-heading109_d36f04-7d wp-block-kadence-advancedheading\" data-kb-block=\"kb-adv-heading109_d36f04-7d\">Nuestros servicios<\/h1>\n\n\n\n<p class=\"has-text-align-center has-theme-palette-6-color has-text-color\" style=\"padding-top:var(--wp--preset--spacing--50);padding-right:var(--wp--preset--spacing--50);padding-bottom:var(--wp--preset--spacing--50);padding-left:var(--wp--preset--spacing--50)\">A continuaci\u00f3n te contaremos sobre algunos servicios que tenemos a tu disposici\u00f3n:<\/p>\n\n\n\n<div class=\"wp-block-columns is-layout-flex wp-container-core-columns-is-layout-1 wp-block-columns-is-layout-flex\">\n<div class=\"wp-block-column is-layout-flow wp-block-column-is-layout-flow\"><style>.kb-image109_c2d610-bb .kb-image-has-overlay:after{opacity:0.3;}<\/style>\n<div class=\"wp-block-kadence-image kb-image109_c2d610-bb\"><figure class=\"aligncenter size-medium kb-image-is-ratio-size\"><div class=\"kb-is-ratio-image kb-image-ratio-land169\"><img loading=\"lazy\" decoding=\"async\" width=\"300\" height=\"213\" src=\"https:\/\/timestco-com.preview-domain.com\/wp-content\/uploads\/2023\/07\/certificado1-300x213.jpg\" alt=\"certificado digital Timest Colombia\" class=\"kb-img wp-image-24795\" srcset=\"https:\/\/timestco.com\/wp-content\/uploads\/2023\/07\/certificado1-300x213.jpg 300w, https:\/\/timestco.com\/wp-content\/uploads\/2023\/07\/certificado1-200x142.jpg 200w, https:\/\/timestco.com\/wp-content\/uploads\/2023\/07\/certificado1.jpg 748w\" sizes=\"(max-width: 300px) 100vw, 300px\" \/><\/div><\/figure><\/div>\n\n\n<style>.wp-block-kadence-advancedheading.kt-adv-heading109_57578e-46, .wp-block-kadence-advancedheading.kt-adv-heading109_57578e-46[data-kb-block=\"kb-adv-heading109_57578e-46\"]{text-align:center;font-style:normal;}.wp-block-kadence-advancedheading.kt-adv-heading109_57578e-46 mark.kt-highlight, .wp-block-kadence-advancedheading.kt-adv-heading109_57578e-46[data-kb-block=\"kb-adv-heading109_57578e-46\"] mark.kt-highlight{font-style:normal;color:#f76a0c;-webkit-box-decoration-break:clone;box-decoration-break:clone;padding-top:0px;padding-right:0px;padding-bottom:0px;padding-left:0px;}<\/style>\n<h4 class=\"kt-adv-heading109_57578e-46 wp-block-kadence-advancedheading\" data-kb-block=\"kb-adv-heading109_57578e-46\">Certificados Descargables<\/h4>\n\n\n\n<p class=\"has-text-align-center has-theme-palette-5-color has-text-color\">Cada finisher tendr\u00e1 acceso a un certificado de participaci\u00f3n con su informaci\u00f3n de carrera. Para esto utilizamos el certificado base junto con la imagen de tu evento o lo puedes redise\u00f1ar a tu gusto.<\/p>\n<\/div>\n\n\n\n<div class=\"wp-block-column is-layout-flow wp-block-column-is-layout-flow\"><style>.kb-image109_5b5865-31 .kb-image-has-overlay:after{opacity:0.3;}<\/style>\n<div class=\"wp-block-kadence-image kb-image109_5b5865-31\"><figure class=\"aligncenter size-full kb-image-is-ratio-size\"><div class=\"kb-is-ratio-image kb-image-ratio-land169\"><img loading=\"lazy\" decoding=\"async\" width=\"411\" height=\"338\" src=\"https:\/\/timestco.com\/wp-content\/uploads\/2023\/08\/Captura3.jpg\" alt=\"\" class=\"kb-img wp-image-25630\" srcset=\"https:\/\/timestco.com\/wp-content\/uploads\/2023\/08\/Captura3.jpg 411w, https:\/\/timestco.com\/wp-content\/uploads\/2023\/08\/Captura3-300x247.jpg 300w, https:\/\/timestco.com\/wp-content\/uploads\/2023\/08\/Captura3-200x164.jpg 200w\" sizes=\"(max-width: 411px) 100vw, 411px\" \/><\/div><\/figure><\/div>\n\n\n<style>.wp-block-kadence-advancedheading.kt-adv-heading109_0fed86-b6, .wp-block-kadence-advancedheading.kt-adv-heading109_0fed86-b6[data-kb-block=\"kb-adv-heading109_0fed86-b6\"]{text-align:center;font-style:normal;}.wp-block-kadence-advancedheading.kt-adv-heading109_0fed86-b6 mark.kt-highlight, .wp-block-kadence-advancedheading.kt-adv-heading109_0fed86-b6[data-kb-block=\"kb-adv-heading109_0fed86-b6\"] mark.kt-highlight{font-style:normal;color:#f76a0c;-webkit-box-decoration-break:clone;box-decoration-break:clone;padding-top:0px;padding-right:0px;padding-bottom:0px;padding-left:0px;}<\/style>\n<h4 class=\"kt-adv-heading109_0fed86-b6 wp-block-kadence-advancedheading\" data-kb-block=\"kb-adv-heading109_0fed86-b6\">SMS Autom\u00e1tico<\/h4>\n\n\n\n<p class=\"has-theme-palette-5-color has-text-color\">Contamos con env\u00edo de mensaje de texto autom\u00e1tico al celular registrado de cada participante.<\/p>\n\n\n\n<p>*Permite conocer tiempo, distancia y evento en el que participa el corredor.<\/p>\n<\/div>\n\n\n\n<div class=\"wp-block-column is-layout-flow wp-block-column-is-layout-flow\"><style>.kb-image109_cbca3f-58 .kb-image-has-overlay:after{opacity:0.3;}<\/style>\n<div class=\"wp-block-kadence-image kb-image109_cbca3f-58\"><figure class=\"aligncenter size-large kb-image-is-ratio-size\"><div class=\"kb-is-ratio-image kb-image-ratio-land169\"><img loading=\"lazy\" decoding=\"async\" width=\"956\" height=\"1024\" src=\"http:\/\/timestco-com.preview-domain.com\/wp-content\/uploads\/2023\/07\/dorsalesmm-956x1024.jpg\" alt=\"\" class=\"kb-img wp-image-24884\" srcset=\"https:\/\/timestco.com\/wp-content\/uploads\/2023\/07\/dorsalesmm-956x1024.jpg 956w, https:\/\/timestco.com\/wp-content\/uploads\/2023\/07\/dorsalesmm-280x300.jpg 280w, https:\/\/timestco.com\/wp-content\/uploads\/2023\/07\/dorsalesmm-768x823.jpg 768w, https:\/\/timestco.com\/wp-content\/uploads\/2023\/07\/dorsalesmm-1434x1536.jpg 1434w, https:\/\/timestco.com\/wp-content\/uploads\/2023\/07\/dorsalesmm-1912x2048.jpg 1912w, https:\/\/timestco.com\/wp-content\/uploads\/2023\/07\/dorsalesmm-200x214.jpg 200w\" sizes=\"(max-width: 956px) 100vw, 956px\" \/><\/div><\/figure><\/div>\n\n\n<style>.wp-block-kadence-advancedheading.kt-adv-heading109_e60593-bb, .wp-block-kadence-advancedheading.kt-adv-heading109_e60593-bb[data-kb-block=\"kb-adv-heading109_e60593-bb\"]{text-align:center;font-style:normal;}.wp-block-kadence-advancedheading.kt-adv-heading109_e60593-bb mark.kt-highlight, .wp-block-kadence-advancedheading.kt-adv-heading109_e60593-bb[data-kb-block=\"kb-adv-heading109_e60593-bb\"] mark.kt-highlight{font-style:normal;color:#f76a0c;-webkit-box-decoration-break:clone;box-decoration-break:clone;padding-top:0px;padding-right:0px;padding-bottom:0px;padding-left:0px;}<\/style>\n<h4 class=\"kt-adv-heading109_e60593-bb wp-block-kadence-advancedheading\" data-kb-block=\"kb-adv-heading109_e60593-bb\">Dorsales de Competencia<\/h4>\n\n\n\n<p class=\"has-text-align-center has-theme-palette-5-color has-text-color\">Impresi\u00f3n laser a color con el dise\u00f1o deseado en materiales de excelente calidad resistentes al agua y  rasgaduras.<\/p>\n<\/div>\n<\/div>\n\n\n\n<div class=\"wp-block-columns is-layout-flex wp-container-core-columns-is-layout-2 wp-block-columns-is-layout-flex\">\n<div class=\"wp-block-column is-layout-flow wp-block-column-is-layout-flow\"><style>.kb-image109_8ccf92-c1 .kb-image-has-overlay:after{opacity:0.3;}<\/style>\n<div class=\"wp-block-kadence-image kb-image109_8ccf92-c1\"><figure class=\"aligncenter size-large kb-image-is-ratio-size\"><div class=\"kb-is-ratio-image kb-image-ratio-land169\"><img loading=\"lazy\" decoding=\"async\" width=\"576\" height=\"1024\" src=\"http:\/\/timestco-com.preview-domain.com\/wp-content\/uploads\/2023\/07\/placasciclismo-576x1024.jpg\" alt=\"\" class=\"kb-img wp-image-24887\" srcset=\"https:\/\/timestco.com\/wp-content\/uploads\/2023\/07\/placasciclismo-576x1024.jpg 576w, https:\/\/timestco.com\/wp-content\/uploads\/2023\/07\/placasciclismo-169x300.jpg 169w, https:\/\/timestco.com\/wp-content\/uploads\/2023\/07\/placasciclismo-768x1365.jpg 768w, https:\/\/timestco.com\/wp-content\/uploads\/2023\/07\/placasciclismo-864x1536.jpg 864w, https:\/\/timestco.com\/wp-content\/uploads\/2023\/07\/placasciclismo-1152x2048.jpg 1152w, https:\/\/timestco.com\/wp-content\/uploads\/2023\/07\/placasciclismo-200x356.jpg 200w, https:\/\/timestco.com\/wp-content\/uploads\/2023\/07\/placasciclismo-scaled.jpg 1440w\" sizes=\"(max-width: 576px) 100vw, 576px\" \/><\/div><\/figure><\/div>\n\n\n<style>.wp-block-kadence-advancedheading.kt-adv-heading109_199fd9-2c, .wp-block-kadence-advancedheading.kt-adv-heading109_199fd9-2c[data-kb-block=\"kb-adv-heading109_199fd9-2c\"]{text-align:center;font-style:normal;}.wp-block-kadence-advancedheading.kt-adv-heading109_199fd9-2c mark.kt-highlight, .wp-block-kadence-advancedheading.kt-adv-heading109_199fd9-2c[data-kb-block=\"kb-adv-heading109_199fd9-2c\"] mark.kt-highlight{font-style:normal;color:#f76a0c;-webkit-box-decoration-break:clone;box-decoration-break:clone;padding-top:0px;padding-right:0px;padding-bottom:0px;padding-left:0px;}<\/style>\n<h4 class=\"kt-adv-heading109_199fd9-2c wp-block-kadence-advancedheading\" data-kb-block=\"kb-adv-heading109_199fd9-2c\">Placas de Ciclismo<\/h4>\n\n\n\n<p class=\"has-text-align-center has-theme-palette-5-color has-text-color\">R\u00edgidas para manubrio de bicicleta con especificaciones UCI (Uni\u00f3n Ciclista Internacional) impresas en vinilo adherido a placa de poliestireno de 20 micras.<\/p>\n<\/div>\n\n\n\n<div class=\"wp-block-column is-layout-flow wp-block-column-is-layout-flow\"><style>.kb-image109_7d4e80-35 .kb-image-has-overlay:after{opacity:0.3;}<\/style>\n<div class=\"wp-block-kadence-image kb-image109_7d4e80-35\"><figure class=\"aligncenter size-full kb-image-is-ratio-size\"><div class=\"kb-is-ratio-image kb-image-ratio-land169\"><img loading=\"lazy\" decoding=\"async\" width=\"600\" height=\"302\" src=\"https:\/\/timestco.com\/wp-content\/uploads\/2023\/08\/SoftwareTimestco.jpg\" alt=\"\" class=\"kb-img wp-image-25642\" srcset=\"https:\/\/timestco.com\/wp-content\/uploads\/2023\/08\/SoftwareTimestco.jpg 600w, https:\/\/timestco.com\/wp-content\/uploads\/2023\/08\/SoftwareTimestco-300x151.jpg 300w, https:\/\/timestco.com\/wp-content\/uploads\/2023\/08\/SoftwareTimestco-200x101.jpg 200w\" sizes=\"(max-width: 600px) 100vw, 600px\" \/><\/div><\/figure><\/div>\n\n\n<style>.wp-block-kadence-advancedheading.kt-adv-heading109_e2f5cb-16, .wp-block-kadence-advancedheading.kt-adv-heading109_e2f5cb-16[data-kb-block=\"kb-adv-heading109_e2f5cb-16\"]{text-align:center;font-style:normal;}.wp-block-kadence-advancedheading.kt-adv-heading109_e2f5cb-16 mark.kt-highlight, .wp-block-kadence-advancedheading.kt-adv-heading109_e2f5cb-16[data-kb-block=\"kb-adv-heading109_e2f5cb-16\"] mark.kt-highlight{font-style:normal;color:#f76a0c;-webkit-box-decoration-break:clone;box-decoration-break:clone;padding-top:0px;padding-right:0px;padding-bottom:0px;padding-left:0px;}<\/style>\n<h4 class=\"kt-adv-heading109_e2f5cb-16 wp-block-kadence-advancedheading\" data-kb-block=\"kb-adv-heading109_e2f5cb-16\">Plataforma Online<\/h4>\n\n\n\n<p class=\"has-text-align-center has-theme-palette-5-color has-text-color\">Utilizamos un software avanzado en constante desarrollo, especialmente dise\u00f1ado para el cronometraje efectivo de cualquier evento deportivo, el cual nos permite cubrir todas las necesidades que puedan surgir en una competencia.<\/p>\n<\/div>\n\n\n\n<div class=\"wp-block-column is-layout-flow wp-block-column-is-layout-flow\"><style>.kb-image109_d0894c-0e .kb-image-has-overlay:after{opacity:0.3;}<\/style>\n<div class=\"wp-block-kadence-image kb-image109_d0894c-0e\"><figure class=\"aligncenter size-full kb-image-is-ratio-size\"><div class=\"kb-is-ratio-image kb-image-ratio-land169\"><img loading=\"lazy\" decoding=\"async\" width=\"621\" height=\"677\" src=\"http:\/\/timestco-com.preview-domain.com\/wp-content\/uploads\/2023\/07\/reloj2.jpg\" alt=\"\" class=\"kb-img wp-image-24892\" srcset=\"https:\/\/timestco.com\/wp-content\/uploads\/2023\/07\/reloj2.jpg 621w, https:\/\/timestco.com\/wp-content\/uploads\/2023\/07\/reloj2-275x300.jpg 275w, https:\/\/timestco.com\/wp-content\/uploads\/2023\/07\/reloj2-200x218.jpg 200w\" sizes=\"(max-width: 621px) 100vw, 621px\" \/><\/div><\/figure><\/div>\n\n\n<style>.wp-block-kadence-advancedheading.kt-adv-heading109_88e9bc-a0, .wp-block-kadence-advancedheading.kt-adv-heading109_88e9bc-a0[data-kb-block=\"kb-adv-heading109_88e9bc-a0\"]{text-align:center;font-style:normal;}.wp-block-kadence-advancedheading.kt-adv-heading109_88e9bc-a0 mark.kt-highlight, .wp-block-kadence-advancedheading.kt-adv-heading109_88e9bc-a0[data-kb-block=\"kb-adv-heading109_88e9bc-a0\"] mark.kt-highlight{font-style:normal;color:#f76a0c;-webkit-box-decoration-break:clone;box-decoration-break:clone;padding-top:0px;padding-right:0px;padding-bottom:0px;padding-left:0px;}<\/style>\n<h4 class=\"kt-adv-heading109_88e9bc-a0 wp-block-kadence-advancedheading\" data-kb-block=\"kb-adv-heading109_88e9bc-a0\">Reloj Digital<\/h4>\n\n\n\n<p class=\"has-text-align-center has-theme-palette-5-color has-text-color\">Contamos con un reloj-aviso digital con tecnolog\u00eda led y visualizaci\u00f3n de m\u00e1s de 30 metros, en este podemos desplegar el nombre del evento o informaci\u00f3n importante para los participantes, cuenta regresiva para dar la salida o cronometro una vez iniciada la carrera.<\/p>\n<\/div>\n<\/div>\n\n\n\n<center>\n<ul class=\"copyright\">\n<li>\u00a9 2026 Timest Colombia. Todos los derechos reservados.<\/li>\n<\/ul>Website dise\u00f1ado por:\n<A HREF=\"https:\/\/catgsolutions.tech\"> CATG solutions<\/A>\n<center>\n","protected":false},"excerpt":{"rendered":"<p>Nuestros servicios A continuaci\u00f3n te contaremos sobre algunos servicios que tenemos a tu disposici\u00f3n: Certificados Descargables Cada finisher tendr\u00e1 acceso a un certificado de participaci\u00f3n con su informaci\u00f3n de carrera. Para esto utilizamos el certificado base junto con la imagen de tu evento o lo puedes redise\u00f1ar a tu gusto. SMS Autom\u00e1tico Contamos con env\u00edo&#8230;<\/p>\n","protected":false},"author":1,"featured_media":25599,"parent":0,"menu_order":0,"comment_status":"closed","ping_status":"closed","template":"","meta":{"om_disable_all_campaigns":false,"_monsterinsights_skip_tracking":false,"_monsterinsights_sitenote_active":false,"_monsterinsights_sitenote_note":"","_monsterinsights_sitenote_category":0,"_kadence_starter_templates_imported_post":true,"_kad_post_transparent":"","_kad_post_title":"hide","_kad_post_layout":"normal","_kad_post_sidebar_id":"","_kad_post_content_style":"unboxed","_kad_post_vertical_padding":"hide","_kad_post_feature":"hide","_kad_post_feature_position":"","_kad_post_header":false,"_kad_post_footer":true,"_joinchat":[],"footnotes":""},"class_list":["post-109","page","type-page","status-publish","has-post-thumbnail","hentry"],"aioseo_notices":[],"_links":{"self":[{"href":"https:\/\/timestco.com\/index.php?rest_route=\/wp\/v2\/pages\/109"}],"collection":[{"href":"https:\/\/timestco.com\/index.php?rest_route=\/wp\/v2\/pages"}],"about":[{"href":"https:\/\/timestco.com\/index.php?rest_route=\/wp\/v2\/types\/page"}],"author":[{"embeddable":true,"href":"https:\/\/timestco.com\/index.php?rest_route=\/wp\/v2\/users\/1"}],"replies":[{"embeddable":true,"href":"https:\/\/timestco.com\/index.php?rest_route=%2Fwp%2Fv2%2Fcomments&post=109"}],"version-history":[{"count":47,"href":"https:\/\/timestco.com\/index.php?rest_route=\/wp\/v2\/pages\/109\/revisions"}],"predecessor-version":[{"id":26976,"href":"https:\/\/timestco.com\/index.php?rest_route=\/wp\/v2\/pages\/109\/revisions\/26976"}],"wp:featuredmedia":[{"embeddable":true,"href":"https:\/\/timestco.com\/index.php?rest_route=\/wp\/v2\/media\/25599"}],"wp:attachment":[{"href":"https:\/\/timestco.com\/index.php?rest_route=%2Fwp%2Fv2%2Fmedia&parent=109"}],"curies":[{"name":"wp","href":"https:\/\/api.w.org\/{rel}","templated":true}]}}